{"id":4176,"date":"2018-07-28T16:07:51","date_gmt":"2018-07-28T16:07:51","guid":{"rendered":"https:\/\/www.sunrisedesigntextile.com\/iletisim\/"},"modified":"2022-05-18T16:15:06","modified_gmt":"2022-05-18T16:15:06","slug":"iletisim","status":"publish","type":"page","link":"https:\/\/www.sunrisedesigntextile.com\/tr\/iletisim\/","title":{"rendered":"\u0130leti\u015fim"},"content":{"rendered":"\t\t<div data-elementor-type=\"wp-post\" data-elementor-id=\"4176\" class=\"elementor elementor-4176 elementor-350\">\n\t\t\t\t\t\t\t\t\t<section class=\"elementor-section elementor-top-section elementor-element elementor-element-c1153d9 elementor-section-boxed elementor-section-height-default elementor-section-height-default\" data-id=\"c1153d9\" data-element_type=\"section\" data-settings=\"{&quot;background_background&quot;:&quot;classic&quot;}\">\n\t\t\t\t\t\t<div class=\"elementor-container elementor-column-gap-default\">\n\t\t\t\t\t<div class=\"elementor-column elementor-col-50 elementor-top-column elementor-element elementor-element-457ea2f\" data-id=\"457ea2f\" data-element_type=\"column\">\n\t\t\t<div class=\"elementor-widget-wrap elementor-element-populated\">\n\t\t\t\t\t\t\t\t<div class=\"elementor-element elementor-element-4675044 elementor-widget elementor-widget-heading\" data-id=\"4675044\" data-element_type=\"widget\" data-widget_type=\"heading.default\">\n\t\t\t\t<div class=\"elementor-widget-container\">\n\t\t\t<style>\/*! elementor - v3.12.2 - 23-04-2023 *\/\n.elementor-heading-title{padding:0;margin:0;line-height:1}.elementor-widget-heading .elementor-heading-title[class*=elementor-size-]>a{color:inherit;font-size:inherit;line-height:inherit}.elementor-widget-heading .elementor-heading-title.elementor-size-small{font-size:15px}.elementor-widget-heading .elementor-heading-title.elementor-size-medium{font-size:19px}.elementor-widget-heading .elementor-heading-title.elementor-size-large{font-size:29px}.elementor-widget-heading .elementor-heading-title.elementor-size-xl{font-size:39px}.elementor-widget-heading .elementor-heading-title.elementor-size-xxl{font-size:59px}<\/style><h2 class=\"elementor-heading-title elementor-size-default elementor-heading-title elementor-size-default\">\u0130leti\u015fim:<\/h2>\t\t<\/div>\n\t\t\t\t<\/div>\n\t\t\t\t<div class=\"elementor-element elementor-element-725428e elementor-widget elementor-widget-heading\" data-id=\"725428e\" data-element_type=\"widget\" data-widget_type=\"heading.default\">\n\t\t\t\t<div class=\"elementor-widget-container\">\n\t\t\t<span class=\"elementor-heading-title elementor-size-default elementor-heading-title elementor-size-default\"><i class=\"ti-location-arrow\"><\/i><span>Habibler Mahallesi 2718 Sokak No: 2\/6\n<br>Sultangazi \u2013 \u0130stanbul TURK\u0130YE<\/span><\/span>\t\t<\/div>\n\t\t\t\t<\/div>\n\t\t\t\t<div class=\"elementor-element elementor-element-03cb41d elementor-widget elementor-widget-heading\" data-id=\"03cb41d\" data-element_type=\"widget\" data-widget_type=\"heading.default\">\n\t\t\t\t<div class=\"elementor-widget-container\">\n\t\t\t<span class=\"elementor-heading-title elementor-size-default elementor-heading-title elementor-size-default\"><i class=\"ti-mobile\"><\/i><span><p><b>+90 212 595 28 37<\/b><br> Bizimle ileti\u015fime ge\u00e7in<\/p><\/span><\/span>\t\t<\/div>\n\t\t\t\t<\/div>\n\t\t\t\t<div class=\"elementor-element elementor-element-0273fe4 elementor-widget elementor-widget-heading\" data-id=\"0273fe4\" data-element_type=\"widget\" data-widget_type=\"heading.default\">\n\t\t\t\t<div class=\"elementor-widget-container\">\n\t\t\t<span class=\"elementor-heading-title elementor-size-default elementor-heading-title elementor-size-default\"><i class=\"ti-email\"><\/i><span><b>info@sunrisedesigntextile.com<\/b><br>\nBize mesaj\u0131n\u0131z\u0131 g\u00f6nderin<\/span><\/span>\t\t<\/div>\n\t\t\t\t<\/div>\n\t\t\t\t<div class=\"elementor-element elementor-element-c3a34d8 elementor-widget elementor-widget-heading\" data-id=\"c3a34d8\" data-element_type=\"widget\" data-widget_type=\"heading.default\">\n\t\t\t\t<div class=\"elementor-widget-container\">\n\t\t\t<span class=\"elementor-heading-title elementor-size-default elementor-heading-title elementor-size-default\"><i class=\"ti-location-pin\"><\/i><span><b>Mesai Saatleri<\/b><br>\nP.tesi \u2013 Cuma: 8.30-19.00 \/ Haftasonlar\u0131 kapal\u0131 <\/span><\/span>\t\t<\/div>\n\t\t\t\t<\/div>\n\t\t\t\t\t<\/div>\n\t\t<\/div>\n\t\t\t\t<div class=\"elementor-column elementor-col-50 elementor-top-column elementor-element elementor-element-3cca13e\" data-id=\"3cca13e\" data-element_type=\"column\">\n\t\t\t<div class=\"elementor-widget-wrap elementor-element-populated\">\n\t\t\t\t\t\t\t\t<div class=\"elementor-element elementor-element-8b22386 elementor-widget elementor-widget-google_maps\" data-id=\"8b22386\" data-element_type=\"widget\" data-widget_type=\"google_maps.default\">\n\t\t\t\t<div class=\"elementor-widget-container\">\n\t\t\t<style>\/*! elementor - v3.12.2 - 23-04-2023 *\/\n.elementor-widget-google_maps .elementor-widget-container{overflow:hidden}.elementor-widget-google_maps .elementor-custom-embed{line-height:0}.elementor-widget-google_maps iframe{height:300px}<\/style>\t\t<div class=\"elementor-custom-embed\">\n\t\t\t<iframe loading=\"lazy\"\n\t\t\t\t\tsrc=\"https:\/\/maps.google.com\/maps?q=Sunrise%20Design%20Habibler%20Mahallesi&#038;t=m&#038;z=14&#038;output=embed&#038;iwloc=near\"\n\t\t\t\t\ttitle=\"Sunrise Design Habibler Mahallesi\"\n\t\t\t\t\taria-label=\"Sunrise Design Habibler Mahallesi\"\n\t\t\t><\/iframe>\n\t\t<\/div>\n\t\t\t\t<\/div>\n\t\t\t\t<\/div>\n\t\t\t\t\t<\/div>\n\t\t<\/div>\n\t\t\t\t\t\t\t<\/div>\n\t\t<\/section>\n\t\t\t\t\t\t\t<\/div>\n\t\t","protected":false},"excerpt":{"rendered":"<p>\u0130leti\u015fim: Habibler Mahallesi 2718 Sokak No: 2\/6 Sultangazi \u2013 \u0130stanbul TURK\u0130YE +90 212 595 28 37 Bizimle ileti\u015fime&#8230;<\/p>\n","protected":false},"author":1,"featured_media":4130,"parent":0,"menu_order":0,"comment_status":"closed","ping_status":"closed","template":"elementor_header_footer","meta":{"footnotes":""},"class_list":["post-4176","page","type-page","status-publish","has-post-thumbnail","hentry"],"yoast_head":"<!-- This site is optimized with the Yoast SEO plugin v20.6 - https:\/\/yoast.com\/wordpress\/plugins\/seo\/ -->\n<title>\u0130leti\u015fim - Sunrise Design Textile<\/title>\n<meta name=\"robots\" content=\"index, follow, max-snippet:-1, max-image-preview:large, max-video-preview:-1\" \/>\n<link rel=\"canonical\" href=\"https:\/\/www.sunrisedesigntextile.com\/tr\/iletisim\/\" \/>\n<meta property=\"og:locale\" content=\"tr_TR\" \/>\n<meta property=\"og:type\" content=\"article\" \/>\n<meta property=\"og:title\" content=\"\u0130leti\u015fim - Sunrise Design Textile\" \/>\n<meta property=\"og:description\" content=\"\u0130leti\u015fim: Habibler Mahallesi 2718 Sokak No: 2\/6 Sultangazi \u2013 \u0130stanbul TURK\u0130YE +90 212 595 28 37 Bizimle ileti\u015fime...\" \/>\n<meta property=\"og:url\" content=\"https:\/\/www.sunrisedesigntextile.com\/tr\/iletisim\/\" \/>\n<meta property=\"og:site_name\" content=\"Sunrise Design Textile\" \/>\n<meta property=\"article:modified_time\" content=\"2022-05-18T16:15:06+00:00\" \/>\n<meta property=\"og:image\" content=\"https:\/\/www.sunrisedesigntextile.com\/wp-content\/uploads\/2022\/02\/sunrise-design-textile-contact-cover.jpg\" \/>\n\t<meta property=\"og:image:width\" content=\"1920\" \/>\n\t<meta property=\"og:image:height\" content=\"640\" \/>\n\t<meta property=\"og:image:type\" content=\"image\/jpeg\" \/>\n<meta name=\"twitter:card\" content=\"summary_large_image\" \/>\n<script type=\"application\/ld+json\" class=\"yoast-schema-graph\">{\"@context\":\"https:\/\/schema.org\",\"@graph\":[{\"@type\":\"WebPage\",\"@id\":\"https:\/\/www.sunrisedesigntextile.com\/tr\/iletisim\/\",\"url\":\"https:\/\/www.sunrisedesigntextile.com\/tr\/iletisim\/\",\"name\":\"\u0130leti\u015fim - Sunrise Design Textile\",\"isPartOf\":{\"@id\":\"https:\/\/www.sunrisedesigntextile.com\/tr\/#website\"},\"datePublished\":\"2018-07-28T16:07:51+00:00\",\"dateModified\":\"2022-05-18T16:15:06+00:00\",\"breadcrumb\":{\"@id\":\"https:\/\/www.sunrisedesigntextile.com\/tr\/iletisim\/#breadcrumb\"},\"inLanguage\":\"tr\",\"potentialAction\":[{\"@type\":\"ReadAction\",\"target\":[\"https:\/\/www.sunrisedesigntextile.com\/tr\/iletisim\/\"]}]},{\"@type\":\"BreadcrumbList\",\"@id\":\"https:\/\/www.sunrisedesigntextile.com\/tr\/iletisim\/#breadcrumb\",\"itemListElement\":[{\"@type\":\"ListItem\",\"position\":1,\"name\":\"Home\",\"item\":\"https:\/\/www.sunrisedesigntextile.com\/tr\/\"},{\"@type\":\"ListItem\",\"position\":2,\"name\":\"\u0130leti\u015fim\"}]},{\"@type\":\"WebSite\",\"@id\":\"https:\/\/www.sunrisedesigntextile.com\/tr\/#website\",\"url\":\"https:\/\/www.sunrisedesigntextile.com\/tr\/\",\"name\":\"Sunrise Design Textile\",\"description\":\"Design &amp; Manufacture Textile\",\"publisher\":{\"@id\":\"https:\/\/www.sunrisedesigntextile.com\/tr\/#organization\"},\"potentialAction\":[{\"@type\":\"SearchAction\",\"target\":{\"@type\":\"EntryPoint\",\"urlTemplate\":\"https:\/\/www.sunrisedesigntextile.com\/tr\/?s={search_term_string}\"},\"query-input\":\"required name=search_term_string\"}],\"inLanguage\":\"tr\"},{\"@type\":\"Organization\",\"@id\":\"https:\/\/www.sunrisedesigntextile.com\/tr\/#organization\",\"name\":\"Sunrise Design Textile\",\"url\":\"https:\/\/www.sunrisedesigntextile.com\/tr\/\",\"logo\":{\"@type\":\"ImageObject\",\"inLanguage\":\"tr\",\"@id\":\"https:\/\/www.sunrisedesigntextile.com\/tr\/#\/schema\/logo\/image\/\",\"url\":\"https:\/\/www.sunrisedesigntextile.com\/wp-content\/uploads\/2018\/07\/sunrise-logo-png.png\",\"contentUrl\":\"https:\/\/www.sunrisedesigntextile.com\/wp-content\/uploads\/2018\/07\/sunrise-logo-png.png\",\"width\":1080,\"height\":1080,\"caption\":\"Sunrise Design Textile\"},\"image\":{\"@id\":\"https:\/\/www.sunrisedesigntextile.com\/tr\/#\/schema\/logo\/image\/\"}}]}<\/script>\n<!-- \/ Yoast SEO plugin. -->","yoast_head_json":{"title":"\u0130leti\u015fim - Sunrise Design Textile","robots":{"index":"index","follow":"follow","max-snippet":"max-snippet:-1","max-image-preview":"max-image-preview:large","max-video-preview":"max-video-preview:-1"},"canonical":"https:\/\/www.sunrisedesigntextile.com\/tr\/iletisim\/","og_locale":"tr_TR","og_type":"article","og_title":"\u0130leti\u015fim - Sunrise Design Textile","og_description":"\u0130leti\u015fim: Habibler Mahallesi 2718 Sokak No: 2\/6 Sultangazi \u2013 \u0130stanbul TURK\u0130YE +90 212 595 28 37 Bizimle ileti\u015fime...","og_url":"https:\/\/www.sunrisedesigntextile.com\/tr\/iletisim\/","og_site_name":"Sunrise Design Textile","article_modified_time":"2022-05-18T16:15:06+00:00","og_image":[{"width":1920,"height":640,"url":"https:\/\/www.sunrisedesigntextile.com\/wp-content\/uploads\/2022\/02\/sunrise-design-textile-contact-cover.jpg","type":"image\/jpeg"}],"twitter_card":"summary_large_image","schema":{"@context":"https:\/\/schema.org","@graph":[{"@type":"WebPage","@id":"https:\/\/www.sunrisedesigntextile.com\/tr\/iletisim\/","url":"https:\/\/www.sunrisedesigntextile.com\/tr\/iletisim\/","name":"\u0130leti\u015fim - Sunrise Design Textile","isPartOf":{"@id":"https:\/\/www.sunrisedesigntextile.com\/tr\/#website"},"datePublished":"2018-07-28T16:07:51+00:00","dateModified":"2022-05-18T16:15:06+00:00","breadcrumb":{"@id":"https:\/\/www.sunrisedesigntextile.com\/tr\/iletisim\/#breadcrumb"},"inLanguage":"tr","potentialAction":[{"@type":"ReadAction","target":["https:\/\/www.sunrisedesigntextile.com\/tr\/iletisim\/"]}]},{"@type":"BreadcrumbList","@id":"https:\/\/www.sunrisedesigntextile.com\/tr\/iletisim\/#breadcrumb","itemListElement":[{"@type":"ListItem","position":1,"name":"Home","item":"https:\/\/www.sunrisedesigntextile.com\/tr\/"},{"@type":"ListItem","position":2,"name":"\u0130leti\u015fim"}]},{"@type":"WebSite","@id":"https:\/\/www.sunrisedesigntextile.com\/tr\/#website","url":"https:\/\/www.sunrisedesigntextile.com\/tr\/","name":"Sunrise Design Textile","description":"Design &amp; Manufacture Textile","publisher":{"@id":"https:\/\/www.sunrisedesigntextile.com\/tr\/#organization"},"potentialAction":[{"@type":"SearchAction","target":{"@type":"EntryPoint","urlTemplate":"https:\/\/www.sunrisedesigntextile.com\/tr\/?s={search_term_string}"},"query-input":"required name=search_term_string"}],"inLanguage":"tr"},{"@type":"Organization","@id":"https:\/\/www.sunrisedesigntextile.com\/tr\/#organization","name":"Sunrise Design Textile","url":"https:\/\/www.sunrisedesigntextile.com\/tr\/","logo":{"@type":"ImageObject","inLanguage":"tr","@id":"https:\/\/www.sunrisedesigntextile.com\/tr\/#\/schema\/logo\/image\/","url":"https:\/\/www.sunrisedesigntextile.com\/wp-content\/uploads\/2018\/07\/sunrise-logo-png.png","contentUrl":"https:\/\/www.sunrisedesigntextile.com\/wp-content\/uploads\/2018\/07\/sunrise-logo-png.png","width":1080,"height":1080,"caption":"Sunrise Design Textile"},"image":{"@id":"https:\/\/www.sunrisedesigntextile.com\/tr\/#\/schema\/logo\/image\/"}}]}},"_links":{"self":[{"href":"https:\/\/www.sunrisedesigntextile.com\/tr\/wp-json\/wp\/v2\/pages\/4176","targetHints":{"allow":["GET"]}}],"collection":[{"href":"https:\/\/www.sunrisedesigntextile.com\/tr\/wp-json\/wp\/v2\/pages"}],"about":[{"href":"https:\/\/www.sunrisedesigntextile.com\/tr\/wp-json\/wp\/v2\/types\/page"}],"author":[{"embeddable":true,"href":"https:\/\/www.sunrisedesigntextile.com\/tr\/wp-json\/wp\/v2\/users\/1"}],"replies":[{"embeddable":true,"href":"https:\/\/www.sunrisedesigntextile.com\/tr\/wp-json\/wp\/v2\/comments?post=4176"}],"version-history":[{"count":1,"href":"https:\/\/www.sunrisedesigntextile.com\/tr\/wp-json\/wp\/v2\/pages\/4176\/revisions"}],"predecessor-version":[{"id":4177,"href":"https:\/\/www.sunrisedesigntextile.com\/tr\/wp-json\/wp\/v2\/pages\/4176\/revisions\/4177"}],"wp:featuredmedia":[{"embeddable":true,"href":"https:\/\/www.sunrisedesigntextile.com\/tr\/wp-json\/wp\/v2\/media\/4130"}],"wp:attachment":[{"href":"https:\/\/www.sunrisedesigntextile.com\/tr\/wp-json\/wp\/v2\/media?parent=4176"}],"curies":[{"name":"wp","href":"https:\/\/api.w.org\/{rel}","templated":true}]}}