{"id":4182,"date":"2021-11-02T12:18:01","date_gmt":"2021-11-02T12:18:01","guid":{"rendered":"https:\/\/www.sunrisedesigntextile.com\/spor-giyim\/"},"modified":"2022-05-18T18:29:34","modified_gmt":"2022-05-18T18:29:34","slug":"spor-giyim","status":"publish","type":"page","link":"https:\/\/www.sunrisedesigntextile.com\/tr\/urunler\/spor-giyim\/","title":{"rendered":"Spor Giyim"},"content":{"rendered":"\t\t<div data-elementor-type=\"wp-page\" data-elementor-id=\"4182\" class=\"elementor elementor-4182 elementor-9\">\n\t\t\t\t\t\t\t\t\t<section class=\"elementor-section elementor-top-section elementor-element elementor-element-492aa85 elementor-section-boxed elementor-section-height-default elementor-section-height-default\" data-id=\"492aa85\" data-element_type=\"section\">\n\t\t\t\t\t\t<div class=\"elementor-container elementor-column-gap-default\">\n\t\t\t\t\t<div class=\"elementor-column elementor-col-100 elementor-top-column elementor-element elementor-element-59ad9c1\" data-id=\"59ad9c1\" data-element_type=\"column\">\n\t\t\t<div class=\"elementor-widget-wrap elementor-element-populated\">\n\t\t\t\t\t\t\t\t<div class=\"elementor-element elementor-element-fa4845e elementor-widget elementor-widget-text-editor\" data-id=\"fa4845e\" data-element_type=\"widget\" data-widget_type=\"text-editor.default\">\n\t\t\t\t<div class=\"elementor-widget-container\">\n\t\t\t<style>\/*! elementor - v3.12.2 - 23-04-2023 *\/\n.elementor-widget-text-editor.elementor-drop-cap-view-stacked .elementor-drop-cap{background-color:#69727d;color:#fff}.elementor-widget-text-editor.elementor-drop-cap-view-framed .elementor-drop-cap{color:#69727d;border:3px solid;background-color:transparent}.elementor-widget-text-editor:not(.elementor-drop-cap-view-default) .elementor-drop-cap{margin-top:8px}.elementor-widget-text-editor:not(.elementor-drop-cap-view-default) .elementor-drop-cap-letter{width:1em;height:1em}.elementor-widget-text-editor .elementor-drop-cap{float:left;text-align:center;line-height:1;font-size:50px}.elementor-widget-text-editor .elementor-drop-cap-letter{display:inline-block}<\/style>\t\t\t\t<p>Spor performans aktivitelerinde giyim tercihi b\u00fcy\u00fck \u00f6nem ta\u015f\u0131maktad\u0131r. Sunrise hem a\u00e7\u0131k alan hem de kapal\u0131 alan performans\u0131n\u0131 en \u00fcst seviyeye \u00e7\u0131karan \u00e7e\u015fitli kalitelerde spor giyim \u00fcr\u00fcnleri \u00fcretmektedir.<\/p>\t\t\t\t\t\t<\/div>\n\t\t\t\t<\/div>\n\t\t\t\t\t<\/div>\n\t\t<\/div>\n\t\t\t\t\t\t\t<\/div>\n\t\t<\/section>\n\t\t\t\t<section class=\"elementor-section elementor-top-section elementor-element elementor-element-fc2bc52 elementor-section-boxed elementor-section-height-default elementor-section-height-default\" data-id=\"fc2bc52\" data-element_type=\"section\">\n\t\t\t\t\t\t<div class=\"elementor-container elementor-column-gap-default\">\n\t\t\t\t\t<div class=\"elementor-column elementor-col-100 elementor-top-column elementor-element elementor-element-56e0fa2\" data-id=\"56e0fa2\" data-element_type=\"column\">\n\t\t\t<div class=\"elementor-widget-wrap elementor-element-populated\">\n\t\t\t\t\t\t\t\t<div class=\"elementor-element elementor-element-fea5a6f elementor-widget elementor-widget-image-gallery\" data-id=\"fea5a6f\" data-element_type=\"widget\" data-widget_type=\"image-gallery.default\">\n\t\t\t\t<div class=\"elementor-widget-container\">\n\t\t\t<style>\/*! elementor - v3.12.2 - 23-04-2023 *\/\n.elementor-image-gallery .gallery-item{display:inline-block;text-align:center;vertical-align:top;width:100%;max-width:100%;margin:0 auto}.elementor-image-gallery .gallery-item img{margin:0 auto}.elementor-image-gallery .gallery-item .gallery-caption{margin:0}.elementor-image-gallery figure img{display:block}.elementor-image-gallery figure figcaption{width:100%}.gallery-spacing-custom .elementor-image-gallery .gallery-icon{padding:0}@media (min-width:768px){.elementor-image-gallery .gallery-columns-2 .gallery-item{max-width:50%}.elementor-image-gallery .gallery-columns-3 .gallery-item{max-width:33.33%}.elementor-image-gallery .gallery-columns-4 .gallery-item{max-width:25%}.elementor-image-gallery .gallery-columns-5 .gallery-item{max-width:20%}.elementor-image-gallery .gallery-columns-6 .gallery-item{max-width:16.666%}.elementor-image-gallery .gallery-columns-7 .gallery-item{max-width:14.28%}.elementor-image-gallery .gallery-columns-8 .gallery-item{max-width:12.5%}.elementor-image-gallery .gallery-columns-9 .gallery-item{max-width:11.11%}.elementor-image-gallery .gallery-columns-10 .gallery-item{max-width:10%}}@media (min-width:480px) and (max-width:767px){.elementor-image-gallery .gallery.gallery-columns-2 .gallery-item,.elementor-image-gallery .gallery.gallery-columns-3 .gallery-item,.elementor-image-gallery .gallery.gallery-columns-4 .gallery-item,.elementor-image-gallery .gallery.gallery-columns-5 .gallery-item,.elementor-image-gallery .gallery.gallery-columns-6 .gallery-item,.elementor-image-gallery .gallery.gallery-columns-7 .gallery-item,.elementor-image-gallery .gallery.gallery-columns-8 .gallery-item,.elementor-image-gallery .gallery.gallery-columns-9 .gallery-item,.elementor-image-gallery .gallery.gallery-columns-10 .gallery-item{max-width:50%}}@media (max-width:479px){.elementor-image-gallery .gallery.gallery-columns-2 .gallery-item,.elementor-image-gallery .gallery.gallery-columns-3 .gallery-item,.elementor-image-gallery .gallery.gallery-columns-4 .gallery-item,.elementor-image-gallery .gallery.gallery-columns-5 .gallery-item,.elementor-image-gallery .gallery.gallery-columns-6 .gallery-item,.elementor-image-gallery .gallery.gallery-columns-7 .gallery-item,.elementor-image-gallery .gallery.gallery-columns-8 .gallery-item,.elementor-image-gallery .gallery.gallery-columns-9 .gallery-item,.elementor-image-gallery .gallery.gallery-columns-10 .gallery-item{max-width:100%}}<\/style>\t\t<div class=\"elementor-image-gallery\">\n\t\t\t<div id='gallery-1' class='gallery galleryid-4182 gallery-columns-3 gallery-size-medium_large'><figure class='gallery-item'>\n\t\t\t<div class='gallery-icon landscape'>\n\t\t\t\t<a data-elementor-open-lightbox=\"yes\" data-elementor-lightbox-slideshow=\"fea5a6f\" data-elementor-lightbox-title=\"Sunrise Design Textile Sportswear\" data-e-action-hash=\"#elementor-action%3Aaction%3Dlightbox%26settings%3DeyJpZCI6NDA5NCwidXJsIjoiaHR0cHM6XC9cL3d3dy5zdW5yaXNlZGVzaWdudGV4dGlsZS5jb21cL3dwLWNvbnRlbnRcL3VwbG9hZHNcLzIwMjJcLzAyXC9XaGF0c0FwcC1JbWFnZS0yMDIyLTAyLTAzLWF0LTE1LjU0LjMxLmpwZWciLCJzbGlkZXNob3ciOiJmZWE1YTZmIn0%3D\" href='https:\/\/www.sunrisedesigntextile.com\/wp-content\/uploads\/2022\/02\/WhatsApp-Image-2022-02-03-at-15.54.31.jpeg'><img loading=\"lazy\" decoding=\"async\" width=\"768\" height=\"512\" src=\"https:\/\/www.sunrisedesigntextile.com\/wp-content\/uploads\/2022\/02\/WhatsApp-Image-2022-02-03-at-15.54.31-768x512.jpeg\" class=\"attachment-medium_large size-medium_large\" alt=\"\" srcset=\"https:\/\/www.sunrisedesigntextile.com\/wp-content\/uploads\/2022\/02\/WhatsApp-Image-2022-02-03-at-15.54.31-768x512.jpeg 768w, https:\/\/www.sunrisedesigntextile.com\/wp-content\/uploads\/2022\/02\/WhatsApp-Image-2022-02-03-at-15.54.31-300x200.jpeg 300w, https:\/\/www.sunrisedesigntextile.com\/wp-content\/uploads\/2022\/02\/WhatsApp-Image-2022-02-03-at-15.54.31-1024x683.jpeg 1024w, https:\/\/www.sunrisedesigntextile.com\/wp-content\/uploads\/2022\/02\/WhatsApp-Image-2022-02-03-at-15.54.31-1536x1024.jpeg 1536w, https:\/\/www.sunrisedesigntextile.com\/wp-content\/uploads\/2022\/02\/WhatsApp-Image-2022-02-03-at-15.54.31-285x190.jpeg 285w, https:\/\/www.sunrisedesigntextile.com\/wp-content\/uploads\/2022\/02\/WhatsApp-Image-2022-02-03-at-15.54.31.jpeg 1600w\" sizes=\"auto, (max-width: 768px) 100vw, 768px\" \/><\/a>\n\t\t\t<\/div><\/figure><figure class='gallery-item'>\n\t\t\t<div class='gallery-icon landscape'>\n\t\t\t\t<a data-elementor-open-lightbox=\"yes\" data-elementor-lightbox-slideshow=\"fea5a6f\" data-elementor-lightbox-title=\"Sunrise Design Textile Sportswear\" data-e-action-hash=\"#elementor-action%3Aaction%3Dlightbox%26settings%3DeyJpZCI6NDEyNCwidXJsIjoiaHR0cHM6XC9cL3d3dy5zdW5yaXNlZGVzaWdudGV4dGlsZS5jb21cL3dwLWNvbnRlbnRcL3VwbG9hZHNcLzIwMjJcLzAyXC9zdW5yaXNlLWRlc2lnbi10ZXh0aWxlLXNwb3J0c3dlYXItMS5qcGciLCJzbGlkZXNob3ciOiJmZWE1YTZmIn0%3D\" href='https:\/\/www.sunrisedesigntextile.com\/wp-content\/uploads\/2022\/02\/sunrise-design-textile-sportswear-1.jpg'><img loading=\"lazy\" decoding=\"async\" width=\"768\" height=\"513\" src=\"https:\/\/www.sunrisedesigntextile.com\/wp-content\/uploads\/2022\/02\/sunrise-design-textile-sportswear-1-768x513.jpg\" class=\"attachment-medium_large size-medium_large\" alt=\"\" srcset=\"https:\/\/www.sunrisedesigntextile.com\/wp-content\/uploads\/2022\/02\/sunrise-design-textile-sportswear-1-768x513.jpg 768w, https:\/\/www.sunrisedesigntextile.com\/wp-content\/uploads\/2022\/02\/sunrise-design-textile-sportswear-1-300x200.jpg 300w, https:\/\/www.sunrisedesigntextile.com\/wp-content\/uploads\/2022\/02\/sunrise-design-textile-sportswear-1-1024x684.jpg 1024w, https:\/\/www.sunrisedesigntextile.com\/wp-content\/uploads\/2022\/02\/sunrise-design-textile-sportswear-1-1536x1025.jpg 1536w, https:\/\/www.sunrisedesigntextile.com\/wp-content\/uploads\/2022\/02\/sunrise-design-textile-sportswear-1-285x190.jpg 285w, https:\/\/www.sunrisedesigntextile.com\/wp-content\/uploads\/2022\/02\/sunrise-design-textile-sportswear-1-1600x1068.jpg 1600w, https:\/\/www.sunrisedesigntextile.com\/wp-content\/uploads\/2022\/02\/sunrise-design-textile-sportswear-1.jpg 1919w\" sizes=\"auto, (max-width: 768px) 100vw, 768px\" \/><\/a>\n\t\t\t<\/div><\/figure><figure class='gallery-item'>\n\t\t\t<div class='gallery-icon landscape'>\n\t\t\t\t<a data-elementor-open-lightbox=\"yes\" data-elementor-lightbox-slideshow=\"fea5a6f\" data-elementor-lightbox-title=\"Sunrise Design Textile Sportswear\" data-e-action-hash=\"#elementor-action%3Aaction%3Dlightbox%26settings%3DeyJpZCI6NDEyNSwidXJsIjoiaHR0cHM6XC9cL3d3dy5zdW5yaXNlZGVzaWdudGV4dGlsZS5jb21cL3dwLWNvbnRlbnRcL3VwbG9hZHNcLzIwMjJcLzAyXC9zdW5yaXNlLWRlc2lnbi10ZXh0aWxlLXNwb3J0c3dlYXItMi1zY2FsZWQuanBnIiwic2xpZGVzaG93IjoiZmVhNWE2ZiJ9\" href='https:\/\/www.sunrisedesigntextile.com\/wp-content\/uploads\/2022\/02\/sunrise-design-textile-sportswear-2-scaled.jpg'><img loading=\"lazy\" decoding=\"async\" width=\"768\" height=\"512\" src=\"https:\/\/www.sunrisedesigntextile.com\/wp-content\/uploads\/2022\/02\/sunrise-design-textile-sportswear-2-768x512.jpg\" class=\"attachment-medium_large size-medium_large\" alt=\"\" srcset=\"https:\/\/www.sunrisedesigntextile.com\/wp-content\/uploads\/2022\/02\/sunrise-design-textile-sportswear-2-768x512.jpg 768w, https:\/\/www.sunrisedesigntextile.com\/wp-content\/uploads\/2022\/02\/sunrise-design-textile-sportswear-2-300x200.jpg 300w, https:\/\/www.sunrisedesigntextile.com\/wp-content\/uploads\/2022\/02\/sunrise-design-textile-sportswear-2-1024x683.jpg 1024w, https:\/\/www.sunrisedesigntextile.com\/wp-content\/uploads\/2022\/02\/sunrise-design-textile-sportswear-2-1536x1024.jpg 1536w, https:\/\/www.sunrisedesigntextile.com\/wp-content\/uploads\/2022\/02\/sunrise-design-textile-sportswear-2-2048x1365.jpg 2048w, https:\/\/www.sunrisedesigntextile.com\/wp-content\/uploads\/2022\/02\/sunrise-design-textile-sportswear-2-285x190.jpg 285w, https:\/\/www.sunrisedesigntextile.com\/wp-content\/uploads\/2022\/02\/sunrise-design-textile-sportswear-2-1600x1067.jpg 1600w\" sizes=\"auto, (max-width: 768px) 100vw, 768px\" \/><\/a>\n\t\t\t<\/div><\/figure>\n\t\t<\/div>\n\t\t<\/div>\n\t\t\t\t<\/div>\n\t\t\t\t<\/div>\n\t\t\t\t\t<\/div>\n\t\t<\/div>\n\t\t\t\t\t\t\t<\/div>\n\t\t<\/section>\n\t\t\t\t\t\t\t<\/div>\n\t\t","protected":false},"excerpt":{"rendered":"<p>Spor performans aktivitelerinde giyim tercihi b\u00fcy\u00fck \u00f6nem ta\u015f\u0131maktad\u0131r. Sunrise hem a\u00e7\u0131k alan hem de kapal\u0131 alan performans\u0131n\u0131 en&#8230;<\/p>\n","protected":false},"author":1,"featured_media":4103,"parent":4188,"menu_order":0,"comment_status":"closed","ping_status":"closed","template":"elementor_header_footer","meta":{"footnotes":""},"class_list":["post-4182","page","type-page","status-publish","has-post-thumbnail","hentry"],"yoast_head":"<!-- This site is optimized with the Yoast SEO plugin v20.6 - https:\/\/yoast.com\/wordpress\/plugins\/seo\/ -->\n<title>Spor Giyim - Sunrise Design Textile<\/title>\n<meta name=\"robots\" content=\"index, follow, max-snippet:-1, max-image-preview:large, max-video-preview:-1\" \/>\n<link rel=\"canonical\" href=\"https:\/\/www.sunrisedesigntextile.com\/tr\/urunler\/spor-giyim\/\" \/>\n<meta property=\"og:locale\" content=\"tr_TR\" \/>\n<meta property=\"og:type\" content=\"article\" \/>\n<meta property=\"og:title\" content=\"Spor Giyim - Sunrise Design Textile\" \/>\n<meta property=\"og:description\" content=\"Spor performans aktivitelerinde giyim tercihi b\u00fcy\u00fck \u00f6nem ta\u015f\u0131maktad\u0131r. Sunrise hem a\u00e7\u0131k alan hem de kapal\u0131 alan performans\u0131n\u0131 en...\" \/>\n<meta property=\"og:url\" content=\"https:\/\/www.sunrisedesigntextile.com\/tr\/urunler\/spor-giyim\/\" \/>\n<meta property=\"og:site_name\" content=\"Sunrise Design Textile\" \/>\n<meta property=\"article:modified_time\" content=\"2022-05-18T18:29:34+00:00\" \/>\n<meta property=\"og:image\" content=\"https:\/\/www.sunrisedesigntextile.com\/wp-content\/uploads\/2022\/02\/sunrise-sports-pexels-li-sun-2294403.jpg\" \/>\n\t<meta property=\"og:image:width\" content=\"1920\" \/>\n\t<meta property=\"og:image:height\" content=\"1281\" \/>\n\t<meta property=\"og:image:type\" content=\"image\/jpeg\" \/>\n<meta name=\"twitter:card\" content=\"summary_large_image\" \/>\n<script type=\"application\/ld+json\" class=\"yoast-schema-graph\">{\"@context\":\"https:\/\/schema.org\",\"@graph\":[{\"@type\":\"WebPage\",\"@id\":\"https:\/\/www.sunrisedesigntextile.com\/tr\/urunler\/spor-giyim\/\",\"url\":\"https:\/\/www.sunrisedesigntextile.com\/tr\/urunler\/spor-giyim\/\",\"name\":\"Spor Giyim - Sunrise Design Textile\",\"isPartOf\":{\"@id\":\"https:\/\/www.sunrisedesigntextile.com\/tr\/#website\"},\"datePublished\":\"2021-11-02T12:18:01+00:00\",\"dateModified\":\"2022-05-18T18:29:34+00:00\",\"breadcrumb\":{\"@id\":\"https:\/\/www.sunrisedesigntextile.com\/tr\/urunler\/spor-giyim\/#breadcrumb\"},\"inLanguage\":\"tr\",\"potentialAction\":[{\"@type\":\"ReadAction\",\"target\":[\"https:\/\/www.sunrisedesigntextile.com\/tr\/urunler\/spor-giyim\/\"]}]},{\"@type\":\"BreadcrumbList\",\"@id\":\"https:\/\/www.sunrisedesigntextile.com\/tr\/urunler\/spor-giyim\/#breadcrumb\",\"itemListElement\":[{\"@type\":\"ListItem\",\"position\":1,\"name\":\"Home\",\"item\":\"https:\/\/www.sunrisedesigntextile.com\/tr\/\"},{\"@type\":\"ListItem\",\"position\":2,\"name\":\"\u00dcr\u00fcnler\",\"item\":\"https:\/\/www.sunrisedesigntextile.com\/tr\/products\/\"},{\"@type\":\"ListItem\",\"position\":3,\"name\":\"Spor Giyim\"}]},{\"@type\":\"WebSite\",\"@id\":\"https:\/\/www.sunrisedesigntextile.com\/tr\/#website\",\"url\":\"https:\/\/www.sunrisedesigntextile.com\/tr\/\",\"name\":\"Sunrise Design Textile\",\"description\":\"Design &amp; Manufacture Textile\",\"publisher\":{\"@id\":\"https:\/\/www.sunrisedesigntextile.com\/tr\/#organization\"},\"potentialAction\":[{\"@type\":\"SearchAction\",\"target\":{\"@type\":\"EntryPoint\",\"urlTemplate\":\"https:\/\/www.sunrisedesigntextile.com\/tr\/?s={search_term_string}\"},\"query-input\":\"required name=search_term_string\"}],\"inLanguage\":\"tr\"},{\"@type\":\"Organization\",\"@id\":\"https:\/\/www.sunrisedesigntextile.com\/tr\/#organization\",\"name\":\"Sunrise Design Textile\",\"url\":\"https:\/\/www.sunrisedesigntextile.com\/tr\/\",\"logo\":{\"@type\":\"ImageObject\",\"inLanguage\":\"tr\",\"@id\":\"https:\/\/www.sunrisedesigntextile.com\/tr\/#\/schema\/logo\/image\/\",\"url\":\"https:\/\/www.sunrisedesigntextile.com\/wp-content\/uploads\/2018\/07\/sunrise-logo-png.png\",\"contentUrl\":\"https:\/\/www.sunrisedesigntextile.com\/wp-content\/uploads\/2018\/07\/sunrise-logo-png.png\",\"width\":1080,\"height\":1080,\"caption\":\"Sunrise Design Textile\"},\"image\":{\"@id\":\"https:\/\/www.sunrisedesigntextile.com\/tr\/#\/schema\/logo\/image\/\"}}]}<\/script>\n<!-- \/ Yoast SEO plugin. -->","yoast_head_json":{"title":"Spor Giyim - Sunrise Design Textile","robots":{"index":"index","follow":"follow","max-snippet":"max-snippet:-1","max-image-preview":"max-image-preview:large","max-video-preview":"max-video-preview:-1"},"canonical":"https:\/\/www.sunrisedesigntextile.com\/tr\/urunler\/spor-giyim\/","og_locale":"tr_TR","og_type":"article","og_title":"Spor Giyim - Sunrise Design Textile","og_description":"Spor performans aktivitelerinde giyim tercihi b\u00fcy\u00fck \u00f6nem ta\u015f\u0131maktad\u0131r. Sunrise hem a\u00e7\u0131k alan hem de kapal\u0131 alan performans\u0131n\u0131 en...","og_url":"https:\/\/www.sunrisedesigntextile.com\/tr\/urunler\/spor-giyim\/","og_site_name":"Sunrise Design Textile","article_modified_time":"2022-05-18T18:29:34+00:00","og_image":[{"width":1920,"height":1281,"url":"https:\/\/www.sunrisedesigntextile.com\/wp-content\/uploads\/2022\/02\/sunrise-sports-pexels-li-sun-2294403.jpg","type":"image\/jpeg"}],"twitter_card":"summary_large_image","schema":{"@context":"https:\/\/schema.org","@graph":[{"@type":"WebPage","@id":"https:\/\/www.sunrisedesigntextile.com\/tr\/urunler\/spor-giyim\/","url":"https:\/\/www.sunrisedesigntextile.com\/tr\/urunler\/spor-giyim\/","name":"Spor Giyim - Sunrise Design Textile","isPartOf":{"@id":"https:\/\/www.sunrisedesigntextile.com\/tr\/#website"},"datePublished":"2021-11-02T12:18:01+00:00","dateModified":"2022-05-18T18:29:34+00:00","breadcrumb":{"@id":"https:\/\/www.sunrisedesigntextile.com\/tr\/urunler\/spor-giyim\/#breadcrumb"},"inLanguage":"tr","potentialAction":[{"@type":"ReadAction","target":["https:\/\/www.sunrisedesigntextile.com\/tr\/urunler\/spor-giyim\/"]}]},{"@type":"BreadcrumbList","@id":"https:\/\/www.sunrisedesigntextile.com\/tr\/urunler\/spor-giyim\/#breadcrumb","itemListElement":[{"@type":"ListItem","position":1,"name":"Home","item":"https:\/\/www.sunrisedesigntextile.com\/tr\/"},{"@type":"ListItem","position":2,"name":"\u00dcr\u00fcnler","item":"https:\/\/www.sunrisedesigntextile.com\/tr\/products\/"},{"@type":"ListItem","position":3,"name":"Spor Giyim"}]},{"@type":"WebSite","@id":"https:\/\/www.sunrisedesigntextile.com\/tr\/#website","url":"https:\/\/www.sunrisedesigntextile.com\/tr\/","name":"Sunrise Design Textile","description":"Design &amp; Manufacture Textile","publisher":{"@id":"https:\/\/www.sunrisedesigntextile.com\/tr\/#organization"},"potentialAction":[{"@type":"SearchAction","target":{"@type":"EntryPoint","urlTemplate":"https:\/\/www.sunrisedesigntextile.com\/tr\/?s={search_term_string}"},"query-input":"required name=search_term_string"}],"inLanguage":"tr"},{"@type":"Organization","@id":"https:\/\/www.sunrisedesigntextile.com\/tr\/#organization","name":"Sunrise Design Textile","url":"https:\/\/www.sunrisedesigntextile.com\/tr\/","logo":{"@type":"ImageObject","inLanguage":"tr","@id":"https:\/\/www.sunrisedesigntextile.com\/tr\/#\/schema\/logo\/image\/","url":"https:\/\/www.sunrisedesigntextile.com\/wp-content\/uploads\/2018\/07\/sunrise-logo-png.png","contentUrl":"https:\/\/www.sunrisedesigntextile.com\/wp-content\/uploads\/2018\/07\/sunrise-logo-png.png","width":1080,"height":1080,"caption":"Sunrise Design Textile"},"image":{"@id":"https:\/\/www.sunrisedesigntextile.com\/tr\/#\/schema\/logo\/image\/"}}]}},"_links":{"self":[{"href":"https:\/\/www.sunrisedesigntextile.com\/tr\/wp-json\/wp\/v2\/pages\/4182","targetHints":{"allow":["GET"]}}],"collection":[{"href":"https:\/\/www.sunrisedesigntextile.com\/tr\/wp-json\/wp\/v2\/pages"}],"about":[{"href":"https:\/\/www.sunrisedesigntextile.com\/tr\/wp-json\/wp\/v2\/types\/page"}],"author":[{"embeddable":true,"href":"https:\/\/www.sunrisedesigntextile.com\/tr\/wp-json\/wp\/v2\/users\/1"}],"replies":[{"embeddable":true,"href":"https:\/\/www.sunrisedesigntextile.com\/tr\/wp-json\/wp\/v2\/comments?post=4182"}],"version-history":[{"count":1,"href":"https:\/\/www.sunrisedesigntextile.com\/tr\/wp-json\/wp\/v2\/pages\/4182\/revisions"}],"predecessor-version":[{"id":4183,"href":"https:\/\/www.sunrisedesigntextile.com\/tr\/wp-json\/wp\/v2\/pages\/4182\/revisions\/4183"}],"up":[{"embeddable":true,"href":"https:\/\/www.sunrisedesigntextile.com\/tr\/wp-json\/wp\/v2\/pages\/4188"}],"wp:featuredmedia":[{"embeddable":true,"href":"https:\/\/www.sunrisedesigntextile.com\/tr\/wp-json\/wp\/v2\/media\/4103"}],"wp:attachment":[{"href":"https:\/\/www.sunrisedesigntextile.com\/tr\/wp-json\/wp\/v2\/media?parent=4182"}],"curies":[{"name":"wp","href":"https:\/\/api.w.org\/{rel}","templated":true}]}}